{"id":333,"date":"2012-02-08T20:53:06","date_gmt":"2012-02-08T19:53:06","guid":{"rendered":"http:\/\/wnoz.up.wroc.pl\/sknbio\/?page_id=333"},"modified":"2025-06-02T07:44:17","modified_gmt":"2025-06-02T05:44:17","slug":"kontakt","status":"publish","type":"page","link":"https:\/\/www.binoz.upwr.edu.pl\/sknbio\/kontakt\/","title":{"rendered":"Kontakt"},"content":{"rendered":"<p><a href=\"http:\/\/wnoz.up.wroc.pl\/sknbio\/wp-content\/uploads\/2012\/02\/indeks.png\"><img loading=\"lazy\" decoding=\"async\" class=\"alignnone  wp-image-1517\" src=\"http:\/\/wnoz.up.wroc.pl\/sknbio\/wp-content\/uploads\/2012\/02\/indeks.png\" alt=\"\" width=\"56\" height=\"56\" \/><\/a>sknbio.up@gmail.com<\/p>\n<p><a href=\"http:\/\/wnoz.up.wroc.pl\/sknbio\/wp-content\/uploads\/2012\/02\/indeks-1.png\"><img loading=\"lazy\" decoding=\"async\" class=\"alignnone  wp-image-1518\" src=\"http:\/\/wnoz.up.wroc.pl\/sknbio\/wp-content\/uploads\/2012\/02\/indeks-1.png\" alt=\"\" width=\"35\" height=\"35\" \/><\/a>\u00a0SKN Biotechnolog\u00f3w<\/p>\n<p>grupa na FB, dla aktywnych cz\u0142onk\u00f3w : \u00a0 \u00a0 \u00a0 <a href=\"http:\/\/www.facebook.com\/groups\/109278215856273\">http:\/\/www.facebook.com\/groups\/109278215856273<\/a>\u00a0<\/p>\n<p><a href=\"http:\/\/wnoz.up.wroc.pl\/sknbio\/wp-content\/uploads\/2012\/02\/indeks.jpg\"><img loading=\"lazy\" decoding=\"async\" class=\"alignnone  wp-image-1519\" src=\"http:\/\/wnoz.up.wroc.pl\/sknbio\/wp-content\/uploads\/2012\/02\/indeks.jpg\" alt=\"\" width=\"39\" height=\"39\" srcset=\"https:\/\/www.binoz.upwr.edu.pl\/sknbio\/wp-content\/uploads\/2012\/02\/indeks.jpg 151w, https:\/\/www.binoz.upwr.edu.pl\/sknbio\/wp-content\/uploads\/2012\/02\/indeks-150x150.jpg 150w\" sizes=\"(max-width: 39px) 100vw, 39px\" \/><\/a> skn_biotechnologow\u00a0 <br \/>https:\/\/www.instagram.com\/skn_biotechnologow\/\u00a0\u00a0\u00a0<\/p><\/p>\n","protected":false},"excerpt":{"rendered":"<p>sknbio.up@gmail.com \u00a0SKN Biotechnolog\u00f3w grupa na FB, dla aktywnych cz\u0142onk\u00f3w : \u00a0 \u00a0 \u00a0 http:\/\/www.facebook.com\/groups\/109278215856273\u00a0 skn_biotechnologow\u00a0 https:\/\/www.instagram.com\/skn_biotechnologow\/\u00a0\u00a0\u00a0<\/p>\n","protected":false},"author":5,"featured_media":0,"parent":0,"menu_order":0,"comment_status":"closed","ping_status":"open","template":"","meta":{"footnotes":""},"_links":{"self":[{"href":"https:\/\/www.binoz.upwr.edu.pl\/sknbio\/wp-json\/wp\/v2\/pages\/333"}],"collection":[{"href":"https:\/\/www.binoz.upwr.edu.pl\/sknbio\/wp-json\/wp\/v2\/pages"}],"about":[{"href":"https:\/\/www.binoz.upwr.edu.pl\/sknbio\/wp-json\/wp\/v2\/types\/page"}],"author":[{"embeddable":true,"href":"https:\/\/www.binoz.upwr.edu.pl\/sknbio\/wp-json\/wp\/v2\/users\/5"}],"replies":[{"embeddable":true,"href":"https:\/\/www.binoz.upwr.edu.pl\/sknbio\/wp-json\/wp\/v2\/comments?post=333"}],"version-history":[{"count":15,"href":"https:\/\/www.binoz.upwr.edu.pl\/sknbio\/wp-json\/wp\/v2\/pages\/333\/revisions"}],"predecessor-version":[{"id":2181,"href":"https:\/\/www.binoz.upwr.edu.pl\/sknbio\/wp-json\/wp\/v2\/pages\/333\/revisions\/2181"}],"wp:attachment":[{"href":"https:\/\/www.binoz.upwr.edu.pl\/sknbio\/wp-json\/wp\/v2\/media?parent=333"}],"curies":[{"name":"wp","href":"https:\/\/api.w.org\/{rel}","templated":true}]}}