{"id":369,"date":"2012-03-19T14:56:06","date_gmt":"2012-03-19T13:56:06","guid":{"rendered":"http:\/\/wnoz.up.wroc.pl\/sknbio\/?page_id=369"},"modified":"2025-04-25T10:53:18","modified_gmt":"2025-04-25T08:53:18","slug":"projekty-2","status":"publish","type":"page","link":"https:\/\/www.binoz.upwr.edu.pl\/sknbio\/projekty-2\/","title":{"rendered":"Projekty"},"content":{"rendered":"<p>Projekt og\u00f3lny\u00a0<strong>Analiza mikrobiologiczna produkt\u00f3w \u017cywno\u015bciowych i powietrza.<\/strong><\/p>\n<p>Projekt og\u00f3lny\u00a0 <strong>Hydrolazy grzybowe o istotnym znaczeniu \u015brodowiskowym.<\/strong><\/p>\n<p>Marta Haydziony Aleksandra Kaliciak\u00a0\u00a0\u00a0\u00a0\u00a0 <strong>Degradacja zw. w\u0119glowodorowych<\/strong><\/p>\n<p>Aleksandra Kaliciak <strong>Identyfikacja sinicy wyizolowanej z ziemi ro\u015blin tropikalnych<\/strong><\/p>\n<p>Karolina Windysz Magdalena Konofal\u00a0\u00a0\u00a0 <strong>Degradacja plastiku przez mikroorganizmy<\/strong><\/p>\n<p>Wioletta Barszcz, Jacek \u0141yczko, Pawe\u0142 Michalak\u00a0<strong>Wp\u0142yw suplement\u00f3w diety, przyspieszaj\u0105cych przyrost masy mi\u0119\u015bniowej oraz produkcj\u0119 energii, na mikroorganizmy.<\/strong><\/p>\n","protected":false},"excerpt":{"rendered":"<p>Projekt og\u00f3lny\u00a0Analiza mikrobiologiczna produkt\u00f3w \u017cywno\u015bciowych i powietrza. Projekt og\u00f3lny\u00a0 Hydrolazy grzybowe o istotnym znaczeniu \u015brodowiskowym. Marta Haydziony Aleksandra Kaliciak\u00a0\u00a0\u00a0\u00a0\u00a0 Degradacja zw. w\u0119glowodorowych Aleksandra Kaliciak Identyfikacja sinicy wyizolowanej z ziemi ro\u015blin tropikalnych Karolina Windysz Magdalena Konofal\u00a0\u00a0\u00a0 Degradacja plastiku przez mikroorganizmy Wioletta &hellip; <a href=\"https:\/\/www.binoz.upwr.edu.pl\/sknbio\/projekty-2\/\">Czytaj dalej <span class=\"meta-nav\">&rarr;<\/span><\/a><\/p>\n","protected":false},"author":5,"featured_media":0,"parent":0,"menu_order":0,"comment_status":"closed","ping_status":"open","template":"","meta":{"footnotes":""},"_links":{"self":[{"href":"https:\/\/www.binoz.upwr.edu.pl\/sknbio\/wp-json\/wp\/v2\/pages\/369"}],"collection":[{"href":"https:\/\/www.binoz.upwr.edu.pl\/sknbio\/wp-json\/wp\/v2\/pages"}],"about":[{"href":"https:\/\/www.binoz.upwr.edu.pl\/sknbio\/wp-json\/wp\/v2\/types\/page"}],"author":[{"embeddable":true,"href":"https:\/\/www.binoz.upwr.edu.pl\/sknbio\/wp-json\/wp\/v2\/users\/5"}],"replies":[{"embeddable":true,"href":"https:\/\/www.binoz.upwr.edu.pl\/sknbio\/wp-json\/wp\/v2\/comments?post=369"}],"version-history":[{"count":15,"href":"https:\/\/www.binoz.upwr.edu.pl\/sknbio\/wp-json\/wp\/v2\/pages\/369\/revisions"}],"predecessor-version":[{"id":2169,"href":"https:\/\/www.binoz.upwr.edu.pl\/sknbio\/wp-json\/wp\/v2\/pages\/369\/revisions\/2169"}],"wp:attachment":[{"href":"https:\/\/www.binoz.upwr.edu.pl\/sknbio\/wp-json\/wp\/v2\/media?parent=369"}],"curies":[{"name":"wp","href":"https:\/\/api.w.org\/{rel}","templated":true}]}}