{"id":41,"date":"2010-11-29T04:58:56","date_gmt":"2010-11-29T03:58:56","guid":{"rendered":"http:\/\/wnoz.up.wroc.pl\/sknbio_wordpress\/"},"modified":"2024-02-14T12:24:19","modified_gmt":"2024-02-14T11:24:19","slug":"opiekun","status":"publish","type":"page","link":"https:\/\/www.binoz.upwr.edu.pl\/sknbio\/opiekun\/","title":{"rendered":"Opieka nad Ko\u0142em"},"content":{"rendered":"<p style=\"text-align: center;\"><strong>Nadz\u00f3r nad pracami realizowanymi w ramach Studenckiego Ko\u0142a Naukowego prowadz\u0105 pracownicy naukowo-dydaktyczni<br \/>\nKatedry Biotechnologii i Mikrobiologii \u017bywno\u015bci.<\/strong><\/p>\n<p style=\"text-align: center;\"><a href=\"https:\/\/wbinoz.upwr.edu.pl\/struktura-wydzialu\/index,katedra-biotechnologii-i-mikrobiologii-zywnosci.html\">https:\/\/wbinoz.upwr.edu.pl\/struktura-wydzialu\/index,katedra-biotechnologii-i-mikrobiologii-zywnosci.html<\/a><\/p>\n<p style=\"text-align: center;\"><strong>Ilo\u015b\u0107 mo\u017cliwych do realizacji, w tym samym czasie, prac ustala indywidualnie pracownik.<\/strong><\/p>\n<p><span style=\"color: #008000;\"><strong>Szczeg\u00f3\u0142owy wykaz zakres\u00f3w tematycznych,<br \/>\nlub proponowanych temat\u00f3w prac znajduje si\u0119 na grupie FB.<\/strong><\/span><\/p>\n<p><a href=\"http:\/\/wnoz.up.wroc.pl\/sknbio\/wp-content\/uploads\/2022\/10\/logoSKN-mikro.jpg\"><img loading=\"lazy\" decoding=\"async\" class=\"size-full wp-image-1890 aligncenter\" src=\"http:\/\/wnoz.up.wroc.pl\/sknbio\/wp-content\/uploads\/2022\/10\/logoSKN-mikro.jpg\" alt=\"\" width=\"219\" height=\"273\" \/><\/a><\/p>\n<p><strong>Kwestie administracyjne:<\/strong><\/p>\n<p>Micha\u0142 Piegza.<\/p>\n<p>Katedra Biotechnologii i Mikrobiologii \u017bywno\u015bci<br \/>\nUniwersytet Przyrodniczy we Wroc\u0142awiu<\/p>\n<p>ul. Che\u0142mo\u0144skiego 37\/41, 51-630 Wroc\u0142aw<br \/>\ntelefon: (71) 320 77 37<br \/>\nEmail:\u00a0<a href=\"mailto:Anita.Rywinska@ozi.ar.wroc.pl\">michal.piegza@upwr.edu.pl<\/a><\/p>\n","protected":false},"excerpt":{"rendered":"<p>Nadz\u00f3r nad pracami realizowanymi w ramach Studenckiego Ko\u0142a Naukowego prowadz\u0105 pracownicy naukowo-dydaktyczni Katedry Biotechnologii i Mikrobiologii \u017bywno\u015bci. https:\/\/wbinoz.upwr.edu.pl\/struktura-wydzialu\/index,katedra-biotechnologii-i-mikrobiologii-zywnosci.html Ilo\u015b\u0107 mo\u017cliwych do realizacji, w tym samym czasie, prac ustala indywidualnie pracownik. Szczeg\u00f3\u0142owy wykaz zakres\u00f3w tematycznych, lub proponowanych temat\u00f3w prac znajduje si\u0119 &hellip; <a href=\"https:\/\/www.binoz.upwr.edu.pl\/sknbio\/opiekun\/\">Czytaj dalej <span class=\"meta-nav\">&rarr;<\/span><\/a><\/p>\n","protected":false},"author":5,"featured_media":0,"parent":0,"menu_order":1,"comment_status":"closed","ping_status":"closed","template":"","meta":{"footnotes":""},"_links":{"self":[{"href":"https:\/\/www.binoz.upwr.edu.pl\/sknbio\/wp-json\/wp\/v2\/pages\/41"}],"collection":[{"href":"https:\/\/www.binoz.upwr.edu.pl\/sknbio\/wp-json\/wp\/v2\/pages"}],"about":[{"href":"https:\/\/www.binoz.upwr.edu.pl\/sknbio\/wp-json\/wp\/v2\/types\/page"}],"author":[{"embeddable":true,"href":"https:\/\/www.binoz.upwr.edu.pl\/sknbio\/wp-json\/wp\/v2\/users\/5"}],"replies":[{"embeddable":true,"href":"https:\/\/www.binoz.upwr.edu.pl\/sknbio\/wp-json\/wp\/v2\/comments?post=41"}],"version-history":[{"count":21,"href":"https:\/\/www.binoz.upwr.edu.pl\/sknbio\/wp-json\/wp\/v2\/pages\/41\/revisions"}],"predecessor-version":[{"id":1951,"href":"https:\/\/www.binoz.upwr.edu.pl\/sknbio\/wp-json\/wp\/v2\/pages\/41\/revisions\/1951"}],"wp:attachment":[{"href":"https:\/\/www.binoz.upwr.edu.pl\/sknbio\/wp-json\/wp\/v2\/media?parent=41"}],"curies":[{"name":"wp","href":"https:\/\/api.w.org\/{rel}","templated":true}]}}